{"id":156,"date":"2018-07-04T01:13:12","date_gmt":"2018-07-04T01:13:12","guid":{"rendered":"http:\/\/www.kepadreradio.com\/contenido\/?page_id=156"},"modified":"2018-07-11T15:23:55","modified_gmt":"2018-07-11T15:23:55","slug":"top-regional","status":"publish","type":"page","link":"https:\/\/www.kepadreradio.com\/contenido\/top-regional\/","title":{"rendered":"Top Regional"},"content":{"rendered":"<div id='layer_slider_1'  class='avia-layerslider main_color avia-shadow  avia-builder-el-0  el_before_av_textblock  avia-builder-el-first  container_wrap sidebar_right'  style='height: 301px;'  ><\/div><div id='after_layer_slider_1'  class='main_color av_default_container_wrap container_wrap sidebar_right'  ><div class='container av-section-cont-open' ><div class='template-page content  av-content-small alpha units'><div class='post-entry post-entry-type-page post-entry-156'><div class='entry-content-wrapper clearfix'>\n<section  class='av_textblock_section av-av_textblock-0366cc7376be6c9e82a3e9cc8987b64f'  itemscope=\"itemscope\" itemtype=\"https:\/\/schema.org\/CreativeWork\" ><div class='avia_textblock'  itemprop=\"text\" ><p><strong>\u201cTop Regional con JC Cuevas\u201d<\/strong> es un programa semanal donde prodr\u00e1 escuchar las canciones m\u00e1s sonadas del g\u00e9nero regional mexicano. Ademas de entrevistas con artistas del momento, cuenta con los segmentos \u201cEl Tunel del Tiempo\u201d, \u201cLas Venenosas\u201d y \u201cEl Estreno de la Semana\u201d<\/p>\n<p>Julio Cesar Cuevas, mejor conocido como JC Cuevas es locutor y productor del programa. Cuenta con m\u00e1s de 20 a\u00f1os de experiencia en radio y producci\u00f3n, aportando una energ\u00eda \u00fanica con una voz incomparable.<\/p>\n<p>El programa es transmitido en radio pero tambi\u00e9n cruza las fronteras en diferentes plataformas digitales y redes sociales.<\/p>\n<\/div><\/section>\n\n<style type=\"text\/css\" data-created_by=\"avia_inline_auto\" id=\"style-css-av-av_heading-53a3a3e65ded71f79b46ad78e53e2e58\">\n#top .av-special-heading.av-av_heading-53a3a3e65ded71f79b46ad78e53e2e58{\npadding-bottom:10px;\n}\nbody .av-special-heading.av-av_heading-53a3a3e65ded71f79b46ad78e53e2e58 .av-special-heading-tag .heading-char{\nfont-size:25px;\n}\n.av-special-heading.av-av_heading-53a3a3e65ded71f79b46ad78e53e2e58 .av-subheading{\nfont-size:15px;\n}\n<\/style>\n<div  class='av-special-heading av-av_heading-53a3a3e65ded71f79b46ad78e53e2e58 av-special-heading-h3 blockquote modern-quote modern-centered  avia-builder-el-2  el_after_av_textblock  el_before_av_textblock '><h3 class='av-special-heading-tag'  itemprop=\"headline\"  >Lista de Afiliadas<\/h3><div class=\"special-heading-border\"><div class=\"special-heading-inner-border\"><\/div><\/div><\/div>\n<section  class='av_textblock_section av-av_textblock-0366cc7376be6c9e82a3e9cc8987b64f'  itemscope=\"itemscope\" itemtype=\"https:\/\/schema.org\/CreativeWork\" ><div class='avia_textblock'  itemprop=\"text\" ><table width=\"802\">\n<tbody>\n<tr>\n<td width=\"85\">Call<br \/>\nLetters<\/td>\n<td width=\"85\">Frecuency<\/td>\n<td width=\"85\">Band<\/td>\n<td width=\"263\">Market<\/td>\n<td width=\"56\">Market<br \/>\nState<\/td>\n<td width=\"228\">Nombre de la Estaci\u00f3n.<\/td>\n<\/tr>\n<tr>\n<td>WHWN<\/td>\n<td>88.3<\/td>\n<td width=\"85\">FM<\/td>\n<td>PAINESVILLE<\/td>\n<td>OH<\/td>\n<td>&#8220;La Nueva Mia&#8221;<\/td>\n<\/tr>\n<tr>\n<td>WZZS<\/td>\n<td>106.9<\/td>\n<td width=\"85\">FM<\/td>\n<td>ZOLFO SPRINGS<\/td>\n<td>FL<\/td>\n<td>&#8220;La Numero Uno 106.9&#8221;<\/td>\n<\/tr>\n<tr>\n<td>KXEQ<\/td>\n<td>1340<\/td>\n<td>AM<\/td>\n<td>RENO<\/td>\n<td>NV<\/td>\n<td>&#8220;La Super Q&#8221;<\/td>\n<\/tr>\n<tr>\n<td>KVUW<\/td>\n<td>102.3<\/td>\n<td>FM<\/td>\n<td>WENDOVER Y ELKO<\/td>\n<td>NV<\/td>\n<td>La Numero Uno<\/td>\n<\/tr>\n<tr>\n<td>KVUW<\/td>\n<td>107.3<\/td>\n<td>FM<\/td>\n<td>WENDOVER Y ELKO<\/td>\n<td>NV<\/td>\n<td>La Numero Uno<\/td>\n<\/tr>\n<tr>\n<td>KSYR<\/td>\n<td>92.1<\/td>\n<td width=\"85\">FM<\/td>\n<td>BENTON<\/td>\n<td>LA<\/td>\n<td>&#8220;La Invasora&#8221;<\/td>\n<\/tr>\n<tr>\n<td>WCND<\/td>\n<td>940<\/td>\n<td width=\"85\">AM<\/td>\n<td>LOUISVILLE<\/td>\n<td>KY<\/td>\n<td>&#8220;La Explosiva 940 am&#8221;<\/td>\n<\/tr>\n<tr>\n<td>KRND<\/td>\n<td>1630<\/td>\n<td width=\"85\">AM<\/td>\n<td>GREELY<\/td>\n<td>CO<\/td>\n<td>&#8220;La Jota Mexicana&#8221;<\/td>\n<\/tr>\n<tr>\n<td>K234AH<\/td>\n<td>94.7<\/td>\n<td width=\"85\">FM<\/td>\n<td>CHEYENNE<\/td>\n<td>WY<\/td>\n<td>&#8220;La Jota Mexicana&#8221;<\/td>\n<\/tr>\n<tr>\n<td>KZAM<\/td>\n<td>98.7<\/td>\n<td>FM<\/td>\n<td>WICHITA FALLS<\/td>\n<td>TX<\/td>\n<td>&#8220;La Tremenda&#8221;<\/td>\n<\/tr>\n<tr>\n<td>KAPW<\/td>\n<td>99.3<\/td>\n<td>FM<\/td>\n<td width=\"263\">TYLER<\/td>\n<td width=\"56\">TX<\/td>\n<td>&#8220;La Mega&#8221;<\/td>\n<\/tr>\n<tr>\n<td>KSVN<\/td>\n<td>730<\/td>\n<td>AM<\/td>\n<td>SALT LAKE CITY-OGDEN<\/td>\n<td>UT<\/td>\n<td>&#8220;Ke Padre Radio&#8221;<\/td>\n<\/tr>\n<tr>\n<td>K229CJ<\/td>\n<td>98.3<\/td>\n<td>FM<\/td>\n<td>NORTH SALT LAKE CITY<\/td>\n<td>UT<\/td>\n<td>&#8220;Ke Padre Radio&#8221;<\/td>\n<\/tr>\n<tr>\n<td>KLCA-HD4<\/td>\n<td>96.5<\/td>\n<td>FM<\/td>\n<td>TAHOE<\/td>\n<td>NV<\/td>\n<td>&#8220;Juan 101.7&#8221;<\/td>\n<\/tr>\n<tr>\n<td>K269DB<\/td>\n<td>101.7<\/td>\n<td>FM<\/td>\n<td>RENO<\/td>\n<td>NV<\/td>\n<td>&#8220;Juan 101.7&#8221;<\/td>\n<\/tr>\n<tr>\n<td>KHIT<\/td>\n<td>107.1<\/td>\n<td>FM<\/td>\n<td>FRESNO<\/td>\n<td>CA<\/td>\n<td>&#8220;Exitos 107.1&#8221;<\/td>\n<\/tr>\n<tr>\n<td>KPSL<\/td>\n<td>96.5<\/td>\n<td>FM<\/td>\n<td>BAKERSFIELD<\/td>\n<td>CA<\/td>\n<td>&#8220;Concierto 96.5 FM&#8221;<\/td>\n<\/tr>\n<tr>\n<td>KAPR<\/td>\n<td>930<\/td>\n<td>AM<\/td>\n<td>DOUGLAS, AGUAPRIETA SONORA<\/td>\n<td>AZ<\/td>\n<td>&#8220;Ke Padre Radio&#8221;<\/td>\n<\/tr>\n<tr>\n<td>KDIL<\/td>\n<td>940<\/td>\n<td>AM<\/td>\n<td>TWIN FALLS, JEROME<\/td>\n<td>ID<\/td>\n<td>&#8220;Radio Fiesta&#8221;<\/td>\n<\/tr>\n<tr>\n<td width=\"85\">KMHR<\/td>\n<td width=\"85\">950<\/td>\n<td width=\"85\">AM<\/td>\n<td width=\"263\">BOISE<\/td>\n<td>ID<\/td>\n<td>&#8220;La Mejor&#8221;<\/td>\n<\/tr>\n<tr>\n<td width=\"85\">K252FA<\/td>\n<td width=\"85\">98.3<\/td>\n<td width=\"85\">FM<\/td>\n<td width=\"263\">BOISE<\/td>\n<td>ID<\/td>\n<td>&#8220;La Mejor&#8221;<\/td>\n<\/tr>\n<tr>\n<td>KEPD<\/td>\n<td>104.9<\/td>\n<td>FM<\/td>\n<td>LANCASTER<\/td>\n<td>CA<\/td>\n<td>&#8220;Ke Padre Radio&#8221;<\/td>\n<\/tr>\n<tr>\n<td>WAUN<\/td>\n<td>92.7<\/td>\n<td>FM<\/td>\n<td>GREEN BAY<\/td>\n<td>WI<\/td>\n<td>&#8220;La M\u00e1s Grande&#8221;<\/td>\n<\/tr>\n<tr>\n<td>W245BS<\/td>\n<td>96.9<\/td>\n<td>FM<\/td>\n<td>GREEN BAY<\/td>\n<td>WI<\/td>\n<td>&#8220;La M\u00e1s Grande&#8221;<\/td>\n<\/tr>\n<tr>\n<td>W255AQ<\/td>\n<td>98.9<\/td>\n<td>FM<\/td>\n<td>GREEN BAY<\/td>\n<td>WI<\/td>\n<td>&#8220;La M\u00e1s Grande&#8221;<\/td>\n<\/tr>\n<tr>\n<td>WGTK<\/td>\n<td>94.5<\/td>\n<td>FM<\/td>\n<td>GREENVILLE<\/td>\n<td>SC<\/td>\n<td>&#8220;Poder 102.9&#8221;<\/td>\n<\/tr>\n<tr>\n<td>W275BJ<\/td>\n<td>102.9<\/td>\n<td>FM<\/td>\n<td>GREENVILLE<\/td>\n<td>SC<\/td>\n<td>&#8220;Poder 102.9&#8221;<\/td>\n<\/tr>\n<tr>\n<td>WKJR<\/td>\n<td>1460<\/td>\n<td>AM<\/td>\n<td>RANTOUL, CHAMPAIGN<\/td>\n<td>IL<\/td>\n<td>&#8220;Radio Variedades&#8221;<\/td>\n<\/tr>\n<tr>\n<td>W293DB<\/td>\n<td>106.5<\/td>\n<td>FM<\/td>\n<td>CHAMPAIGN<\/td>\n<td>IL<\/td>\n<td>&#8220;Radio Variedades&#8221;<\/td>\n<\/tr>\n<tr>\n<td>WTWB<\/td>\n<td>1570<\/td>\n<td>AM<\/td>\n<td>AUBURNDALE<\/td>\n<td>FL<\/td>\n<td>&#8220;La Raza 1570 am&#8221;<\/td>\n<\/tr>\n<tr>\n<td>W224CF<\/td>\n<td>92.7<\/td>\n<td>FM<\/td>\n<td>AUBURNDALE<\/td>\n<td>FL<\/td>\n<td>&#8220;La Raza 92.7 fm&#8221;<\/td>\n<\/tr>\n<tr>\n<td>KDLF<\/td>\n<td>1260<\/td>\n<td>AM<\/td>\n<td>BOONE<\/td>\n<td>IA<\/td>\n<td>&#8220;La Reina 1260 am&#8221;<\/td>\n<\/tr>\n<tr>\n<td>K243CO<\/td>\n<td>96.5<\/td>\n<td>FM<\/td>\n<td>DES MOINES<\/td>\n<td>IA<\/td>\n<td>&#8220;La Reina 96.5 fm&#8221;<\/td>\n<\/tr>\n<tr>\n<td>KRGX<\/td>\n<td>95.1<\/td>\n<td>FM<\/td>\n<td>RIO GRANDE<\/td>\n<td>TX<\/td>\n<td>&#8220;La Pistolera 95.1&#8221;<\/td>\n<\/tr>\n<tr>\n<td>WQQW<\/td>\n<td>1510<\/td>\n<td>AM<\/td>\n<td width=\"263\">ST. LOUIS<\/td>\n<td>MO<\/td>\n<td>&#8220;La Que Buena&#8221;<\/td>\n<\/tr>\n<tr>\n<td>KQLM<\/td>\n<td>107.9<\/td>\n<td>FM<\/td>\n<td width=\"263\">ODESSA<\/td>\n<td>TX<\/td>\n<td>&#8220;Q 108&#8221;<\/td>\n<\/tr>\n<tr>\n<td>WNTF<\/td>\n<td>1580<\/td>\n<td>AM<\/td>\n<td width=\"263\">ORLANDO<\/td>\n<td>FL<\/td>\n<td>La Ke Buena Orlando<\/td>\n<\/tr>\n<tr>\n<td>WKIQ<\/td>\n<td>1240<\/td>\n<td>AM<\/td>\n<td width=\"263\">ORLANDO<\/td>\n<td>FL<\/td>\n<td>La Ke Buena Orlando<\/td>\n<\/tr>\n<tr>\n<td>WRTG<\/td>\n<td>1000<\/td>\n<td>AM<\/td>\n<td width=\"263\">RALEIGH<\/td>\n<td>NC<\/td>\n<td>Radio La Grande<\/td>\n<\/tr>\n<tr>\n<td>WGSB<\/td>\n<td>1060<\/td>\n<td>AM<\/td>\n<td width=\"263\">LILINGTON<\/td>\n<td>NC<\/td>\n<td>Radio La Grande<\/td>\n<\/tr>\n<tr>\n<td>WLLQ<\/td>\n<td>1530<\/td>\n<td>AM<\/td>\n<td width=\"263\">CHAPELL HILL<\/td>\n<td>NC<\/td>\n<td>Radio La Grande<\/td>\n<\/tr>\n<tr>\n<td>WLLN<\/td>\n<td>1370<\/td>\n<td>AM<\/td>\n<td width=\"263\">LILINGTON<\/td>\n<td>NC<\/td>\n<td>Radio La Grande<\/td>\n<\/tr>\n<tr>\n<td>WLNR<\/td>\n<td>1230<\/td>\n<td>AM<\/td>\n<td width=\"263\">KINSTON<\/td>\n<td>NC<\/td>\n<td>Radio La Grande<\/td>\n<\/tr>\n<tr>\n<td>WREV<\/td>\n<td>1220<\/td>\n<td>AM<\/td>\n<td width=\"263\">REIDSVILLE<\/td>\n<td>NC<\/td>\n<td>Radio La Grande<\/td>\n<\/tr>\n<tr>\n<td>WSRP<\/td>\n<td>910<\/td>\n<td>AM<\/td>\n<td width=\"263\">JACKSONVILLE<\/td>\n<td>NC<\/td>\n<td>Radio La Grande<\/td>\n<\/tr>\n<tr>\n<td>WAYE<\/td>\n<td>1220<\/td>\n<td>AM<\/td>\n<td>PELHAM<\/td>\n<td>AL<\/td>\n<td>&#8220;La Jefa&#8221;<\/td>\n<\/tr>\n<tr>\n<td>W252BE<\/td>\n<td>98.3<\/td>\n<td>FM<\/td>\n<td>BIRMINGHAM<\/td>\n<td>AL<\/td>\n<td>&#8220;La Jefa&#8221;<\/td>\n<\/tr>\n<tr>\n<td>WQCR<\/td>\n<td>1500<\/td>\n<td>AM<\/td>\n<td>ALABASTER, BIRMINGHAM<\/td>\n<td>AL<\/td>\n<td>&#8220;La Jefa&#8221;<\/td>\n<\/tr>\n<\/tbody>\n<\/table>\n<\/div><\/section>\n","protected":false},"excerpt":{"rendered":"","protected":false},"author":1,"featured_media":0,"parent":0,"menu_order":0,"comment_status":"closed","ping_status":"closed","template":"","meta":{"footnotes":""},"class_list":["post-156","page","type-page","status-publish","hentry"],"_links":{"self":[{"href":"https:\/\/www.kepadreradio.com\/contenido\/wp-json\/wp\/v2\/pages\/156"}],"collection":[{"href":"https:\/\/www.kepadreradio.com\/contenido\/wp-json\/wp\/v2\/pages"}],"about":[{"href":"https:\/\/www.kepadreradio.com\/contenido\/wp-json\/wp\/v2\/types\/page"}],"author":[{"embeddable":true,"href":"https:\/\/www.kepadreradio.com\/contenido\/wp-json\/wp\/v2\/users\/1"}],"replies":[{"embeddable":true,"href":"https:\/\/www.kepadreradio.com\/contenido\/wp-json\/wp\/v2\/comments?post=156"}],"version-history":[{"count":5,"href":"https:\/\/www.kepadreradio.com\/contenido\/wp-json\/wp\/v2\/pages\/156\/revisions"}],"predecessor-version":[{"id":164,"href":"https:\/\/www.kepadreradio.com\/contenido\/wp-json\/wp\/v2\/pages\/156\/revisions\/164"}],"wp:attachment":[{"href":"https:\/\/www.kepadreradio.com\/contenido\/wp-json\/wp\/v2\/media?parent=156"}],"curies":[{"name":"wp","href":"https:\/\/api.w.org\/{rel}","templated":true}]}}