{"id":28,"date":"2018-06-27T19:37:16","date_gmt":"2018-06-27T19:37:16","guid":{"rendered":"http:\/\/www.kepadreradio.com\/contenido\/?page_id=28"},"modified":"2018-07-03T18:10:34","modified_gmt":"2018-07-03T18:10:34","slug":"rosmar-vega","status":"publish","type":"page","link":"https:\/\/www.kepadreradio.com\/contenido\/rosmar-vega\/","title":{"rendered":"Rosmar Vega"},"content":{"rendered":"<div id='layer_slider_1'  class='avia-layerslider main_color avia-shadow  avia-builder-el-0  el_before_av_textblock  avia-builder-el-first  container_wrap sidebar_right'  style='height: 301px;'  ><\/div><div id='after_layer_slider_1'  class='main_color av_default_container_wrap container_wrap sidebar_right'  ><div class='container av-section-cont-open' ><div class='template-page content  av-content-small alpha units'><div class='post-entry post-entry-type-page post-entry-28'><div class='entry-content-wrapper clearfix'>\n<section  class='av_textblock_section av-av_textblock-0366cc7376be6c9e82a3e9cc8987b64f'  itemscope=\"itemscope\" itemtype=\"https:\/\/schema.org\/CreativeWork\" ><div class='avia_textblock'  itemprop=\"text\" ><p><strong>Lunes a viernes de 10am a 2pm\u00a0<\/strong><\/p>\n<p>En el Show de Rosmar Vega podr\u00e1 escuchar temas de importancia para la mujer de hoy, consejos pr\u00e1cticos de<strong>\u00a0belleza y salud, chismes de la far\u00e1ndula<\/strong>,<\/p>\n<p>La se\u00f1orita Rosmar esta acompa\u00f1ada de un ni\u00f1o travieso llamado El Pecas, que pone el toque humor\u00edstico al programa y con sus chistes le llenara de alegr\u00eda el d\u00eda.<\/p>\n<p>De 1pm \u2013 2 pm puede escuchar las canciones m\u00e1s llegadoras para esas personas que estan pasando por una ruptura de amor, llamada \u201cLa Ultima y Nos Vamos\u201d<\/p>\n<\/div><\/section>\n\n<style type=\"text\/css\" data-created_by=\"avia_inline_auto\" id=\"style-css-av-av_one_full-6126cab7d8fab8d08143dd2dacdf673c\">\n.flex_column.av-av_one_full-6126cab7d8fab8d08143dd2dacdf673c{\n-webkit-border-radius:0px 0px 0px 0px;\n-moz-border-radius:0px 0px 0px 0px;\nborder-radius:0px 0px 0px 0px;\npadding:0px 0px 0px 0px;\n}\n<\/style>\n<div class='flex_column av-av_one_full-6126cab7d8fab8d08143dd2dacdf673c av_one_full  avia-builder-el-2  el_after_av_textblock  avia-builder-el-last  first flex_column_div av-zero-column-padding column-top-margin'     ><p>\n<style type=\"text\/css\" data-created_by=\"avia_inline_auto\" id=\"style-css-av-av_heading-53a3a3e65ded71f79b46ad78e53e2e58\">\n#top .av-special-heading.av-av_heading-53a3a3e65ded71f79b46ad78e53e2e58{\npadding-bottom:10px;\n}\nbody .av-special-heading.av-av_heading-53a3a3e65ded71f79b46ad78e53e2e58 .av-special-heading-tag .heading-char{\nfont-size:25px;\n}\n.av-special-heading.av-av_heading-53a3a3e65ded71f79b46ad78e53e2e58 .av-subheading{\nfont-size:15px;\n}\n<\/style>\n<div  class='av-special-heading av-av_heading-53a3a3e65ded71f79b46ad78e53e2e58 av-special-heading-h3 blockquote modern-quote modern-centered  avia-builder-el-3  el_before_av_textblock  avia-builder-el-first '><h3 class='av-special-heading-tag'  itemprop=\"headline\"  >Lista de Afiliadas<\/h3><div class=\"special-heading-border\"><div class=\"special-heading-inner-border\"><\/div><\/div><\/div><br \/>\n<section  class='av_textblock_section av-av_textblock-0366cc7376be6c9e82a3e9cc8987b64f'  itemscope=\"itemscope\" itemtype=\"https:\/\/schema.org\/CreativeWork\" ><div class='avia_textblock'  itemprop=\"text\" ><table width=\"487\">\n<tbody>\n<tr>\n<td width=\"169\"><strong>MARKET<\/strong><\/td>\n<td width=\"42\"><strong>STATE<\/strong><\/td>\n<td width=\"60\"><strong>CALL LETTERS<\/strong><\/td>\n<td width=\"36\"><strong>DIAL<\/strong><\/td>\n<td width=\"81\"><strong>NAME<\/strong><\/td>\n<td width=\"100\"><strong>COMPANY<\/strong><\/td>\n<\/tr>\n<tr>\n<td width=\"169\">SALT LAKE CITY<\/td>\n<td width=\"42\">UT<\/td>\n<td width=\"60\">KSVN-AM<\/p>\n<p>KSVN-FM<\/td>\n<td width=\"36\">730<\/p>\n<p>99.9<\/td>\n<td width=\"81\">KEPADRE<\/td>\n<td width=\"100\">AZTECA BROADCASTING<\/td>\n<\/tr>\n<tr>\n<td width=\"169\">TWIN FALLS<\/td>\n<td width=\"42\">ID<\/td>\n<td width=\"60\">KRXR-AM<\/td>\n<td width=\"36\">1480<\/td>\n<td width=\"81\">KEPADRE<\/td>\n<td width=\"100\">RADIO FIESTA<\/td>\n<\/tr>\n<tr>\n<td width=\"169\">DOUGLAS<\/p>\n<p>AGUAPRIETA<\/td>\n<td width=\"42\">AZ<\/p>\n<p>SON<\/td>\n<td width=\"60\">KAPR-AM<\/td>\n<td width=\"36\">930<\/td>\n<td width=\"81\">KEPADRE<\/td>\n<td width=\"100\">SONORA BROADCASTING<\/td>\n<\/tr>\n<tr>\n<td width=\"169\">SANTA MARIA<\/p>\n<p>LOMPOC<\/td>\n<td width=\"42\">CA<\/td>\n<td width=\"60\">KSMY-FM<\/td>\n<td width=\"36\">106.7<\/td>\n<td width=\"81\">LA MEJOR<\/td>\n<td width=\"100\">LAZER BROADCASTING<\/td>\n<\/tr>\n<tr>\n<td width=\"169\">LAS VEGAS<\/td>\n<td width=\"42\">NV<\/td>\n<td width=\"60\">KWID-FM<\/td>\n<td width=\"36\">101.9<\/td>\n<td width=\"81\">LA BUENA<\/td>\n<td width=\"100\">LOTUS<\/td>\n<\/tr>\n<tr>\n<td width=\"169\">BAKERSFIELD<\/td>\n<td width=\"42\">CA<\/td>\n<td width=\"60\">KPSL-FM<\/td>\n<td width=\"36\">95.6<\/td>\n<td width=\"81\">CONCIERTO<\/td>\n<td width=\"100\">LOTUS<\/td>\n<\/tr>\n<tr>\n<td width=\"169\">FRESNO<\/td>\n<td width=\"42\">CA<\/td>\n<td width=\"60\">KHIT-FM<\/td>\n<td width=\"36\">107.1<\/td>\n<td width=\"81\">EXITOS<\/td>\n<td width=\"100\">LOTUS<\/td>\n<\/tr>\n<tr>\n<td width=\"169\">TUCSON<\/td>\n<td width=\"42\">AZ<\/td>\n<td width=\"60\">KTKT-AM<\/p>\n<p>KTKT-FM<\/td>\n<td width=\"36\">990<\/p>\n<p>94.3<\/td>\n<td width=\"81\">LA BUENA<\/td>\n<td width=\"100\">LOTUS<\/td>\n<\/tr>\n<tr>\n<td width=\"169\">BOISE<\/td>\n<td width=\"42\">ID<\/td>\n<td width=\"60\">KMHR<\/p>\n<p>K252FA<\/td>\n<td width=\"36\">950<\/p>\n<p>98.3<\/td>\n<td width=\"81\">LA LEY<\/td>\n<td width=\"100\">LORENA ORTEGA<\/td>\n<\/tr>\n<tr>\n<td width=\"169\">LANCASTER<\/p>\n<p>QUARTZ HILL<\/td>\n<td width=\"42\">CA<\/td>\n<td width=\"60\">KEPD-FM<\/td>\n<td width=\"36\">104.9<\/td>\n<td width=\"81\">KEPADRE<\/td>\n<td width=\"100\">ADELMAN BROADCASTING<\/td>\n<\/tr>\n<\/tbody>\n<\/table>\n<\/div><\/section><\/p><\/div>\n","protected":false},"excerpt":{"rendered":"","protected":false},"author":1,"featured_media":0,"parent":0,"menu_order":0,"comment_status":"closed","ping_status":"closed","template":"","meta":{"footnotes":""},"class_list":["post-28","page","type-page","status-publish","hentry"],"_links":{"self":[{"href":"https:\/\/www.kepadreradio.com\/contenido\/wp-json\/wp\/v2\/pages\/28"}],"collection":[{"href":"https:\/\/www.kepadreradio.com\/contenido\/wp-json\/wp\/v2\/pages"}],"about":[{"href":"https:\/\/www.kepadreradio.com\/contenido\/wp-json\/wp\/v2\/types\/page"}],"author":[{"embeddable":true,"href":"https:\/\/www.kepadreradio.com\/contenido\/wp-json\/wp\/v2\/users\/1"}],"replies":[{"embeddable":true,"href":"https:\/\/www.kepadreradio.com\/contenido\/wp-json\/wp\/v2\/comments?post=28"}],"version-history":[{"count":6,"href":"https:\/\/www.kepadreradio.com\/contenido\/wp-json\/wp\/v2\/pages\/28\/revisions"}],"predecessor-version":[{"id":152,"href":"https:\/\/www.kepadreradio.com\/contenido\/wp-json\/wp\/v2\/pages\/28\/revisions\/152"}],"wp:attachment":[{"href":"https:\/\/www.kepadreradio.com\/contenido\/wp-json\/wp\/v2\/media?parent=28"}],"curies":[{"name":"wp","href":"https:\/\/api.w.org\/{rel}","templated":true}]}}