{"id":57,"date":"2018-06-27T20:52:56","date_gmt":"2018-06-27T20:52:56","guid":{"rendered":"http:\/\/www.kepadreradio.com\/contenido\/?page_id=57"},"modified":"2018-06-27T22:48:06","modified_gmt":"2018-06-27T22:48:06","slug":"quienes-somos","status":"publish","type":"page","link":"https:\/\/www.kepadreradio.com\/contenido\/quienes-somos\/","title":{"rendered":"Cont\u00e1ctanos"},"content":{"rendered":"<section  class='av_textblock_section av-av_textblock-0366cc7376be6c9e82a3e9cc8987b64f'  itemscope=\"itemscope\" itemtype=\"https:\/\/schema.org\/CreativeWork\" ><div class='avia_textblock'  itemprop=\"text\" ><h2><strong>\u00bfQuienes Somos ?<\/strong><\/h2>\n<p>Acerca De KePadre Radio: AL &amp; CM Broadcasting Network\u00a0 es una sociedad fundada en enero del a\u00f1o 2009; AL &amp; CM Broadcasting Network\u00a0 es due\u00f1a y distribuidora de la programaci\u00f3n de la cadena radial KePadre.<\/p>\n<p>KePadre transmite su se\u00f1al desde la cuidad de Salinas, CA; ubicada aproximadamente dos horas al sur de la bah\u00eda de San Francisco. La se\u00f1al de la cadena radial de KePadre alcanza varios mercados importantes en los Estados Unidos y ciudades fronterizas con M\u00e9xico. La se\u00f1al de KePadre tambi\u00e9n se transmite por Internet en\u00a0<a href=\"http:\/\/www.kepadreradio.com\/\">www.kepadreradio.com<\/a>.<\/p>\n<p>KePadre presenta los \u00e9xitos de los 80s, 90s y de hoy!\u00a0 Transmitimos las 24 horas; nuestra programaci\u00f3n est\u00e1 enfocada al p\u00fablico adulto joven, quienes exigen una radio que le acompa\u00f1e, entretenga e informe de manera din\u00e1mica, ajust\u00e1ndose a la \u00e9poca actual.<\/p>\n<p>KePadre cuenta con una programaci\u00f3n principalmente musical, pues nuestro objetivo es entregar al p\u00fablico los \u00e9xitos del momento; sin embargo en KePadre tambi\u00e9n incluimos segmentos informativos con los temas pol\u00edticos y sociales de actualidad.<\/p>\n<p>AL&amp;CM Broadcasting Network tiene como Gerente General al Sr. Carlos Moncada y como Director de Programas al reconocido Alex \u201cEl Genio\u201d Lucas, dos pioneros de la radio en espa\u00f1ol.<\/p>\n<\/div><\/section>\n\n<style type=\"text\/css\" data-created_by=\"avia_inline_auto\" id=\"style-css-av-av_heading-8ddb0f5756b70df01f47ec56182098b1\">\n#top .av-special-heading.av-av_heading-8ddb0f5756b70df01f47ec56182098b1{\npadding-bottom:10px;\n}\nbody .av-special-heading.av-av_heading-8ddb0f5756b70df01f47ec56182098b1 .av-special-heading-tag .heading-char{\nfont-size:25px;\n}\n.av-special-heading.av-av_heading-8ddb0f5756b70df01f47ec56182098b1 .av-subheading{\nfont-size:15px;\n}\n<\/style>\n<div  class='av-special-heading av-av_heading-8ddb0f5756b70df01f47ec56182098b1 av-special-heading-h1 blockquote modern-quote modern-centered  avia-builder-el-1  el_after_av_textblock  el_before_av_textblock '><h1 class='av-special-heading-tag'  itemprop=\"headline\"  >CONTACTANOS<\/h1><div class=\"special-heading-border\"><div class=\"special-heading-inner-border\"><\/div><\/div><\/div>\n<section  class='av_textblock_section av-av_textblock-0366cc7376be6c9e82a3e9cc8987b64f'  itemscope=\"itemscope\" itemtype=\"https:\/\/schema.org\/CreativeWork\" ><div class='avia_textblock'  itemprop=\"text\" ><p><strong>AL &amp; CM<br \/>\nBroadcasting Network<br \/>\n<\/strong>PO\u00a0 Box 4040<br \/>\nSalinas, CA 93901<br \/>\nEmail:\u00a0<a href=\"mailto:contact@kepadreradio.com\">contact@kepadreradio.com<\/a><\/p>\n<hr \/>\n<p><strong>Saludos y Complacencias<\/strong><\/p>\n<p>1-877-354-3646 <strong>(de estados unidos)<\/strong><\/p>\n<p>01-800-681-8177 <strong>(desde M\u00e9xico)<\/strong><\/p>\n<hr \/>\n<p><strong>Asuntos De Negocios<br \/>\n<\/strong>(831) 754-1219<br \/>\nFax: (831) 769-9177<\/p>\n<\/div><\/section>\n","protected":false},"excerpt":{"rendered":"","protected":false},"author":1,"featured_media":0,"parent":0,"menu_order":0,"comment_status":"closed","ping_status":"closed","template":"","meta":{"footnotes":""},"class_list":["post-57","page","type-page","status-publish","hentry"],"_links":{"self":[{"href":"https:\/\/www.kepadreradio.com\/contenido\/wp-json\/wp\/v2\/pages\/57"}],"collection":[{"href":"https:\/\/www.kepadreradio.com\/contenido\/wp-json\/wp\/v2\/pages"}],"about":[{"href":"https:\/\/www.kepadreradio.com\/contenido\/wp-json\/wp\/v2\/types\/page"}],"author":[{"embeddable":true,"href":"https:\/\/www.kepadreradio.com\/contenido\/wp-json\/wp\/v2\/users\/1"}],"replies":[{"embeddable":true,"href":"https:\/\/www.kepadreradio.com\/contenido\/wp-json\/wp\/v2\/comments?post=57"}],"version-history":[{"count":7,"href":"https:\/\/www.kepadreradio.com\/contenido\/wp-json\/wp\/v2\/pages\/57\/revisions"}],"predecessor-version":[{"id":111,"href":"https:\/\/www.kepadreradio.com\/contenido\/wp-json\/wp\/v2\/pages\/57\/revisions\/111"}],"wp:attachment":[{"href":"https:\/\/www.kepadreradio.com\/contenido\/wp-json\/wp\/v2\/media?parent=57"}],"curies":[{"name":"wp","href":"https:\/\/api.w.org\/{rel}","templated":true}]}}