{"id":71,"date":"2018-06-27T21:42:31","date_gmt":"2018-06-27T21:42:31","guid":{"rendered":"http:\/\/www.kepadreradio.com\/contenido\/?page_id=71"},"modified":"2018-07-03T18:11:01","modified_gmt":"2018-07-03T18:11:01","slug":"71-2","status":"publish","type":"page","link":"https:\/\/www.kepadreradio.com\/contenido\/71-2\/","title":{"rendered":"La Diva de M\u00e9xico"},"content":{"rendered":"<div id='layer_slider_1'  class='avia-layerslider main_color avia-shadow  avia-builder-el-0  el_before_av_one_full  avia-builder-el-first  container_wrap sidebar_right'  style='height: 301px;'  ><\/div><div id='after_layer_slider_1'  class='main_color av_default_container_wrap container_wrap sidebar_right'  ><div class='container av-section-cont-open' ><div class='template-page content  av-content-small alpha units'><div class='post-entry post-entry-type-page post-entry-71'><div class='entry-content-wrapper clearfix'>\n\n<style type=\"text\/css\" data-created_by=\"avia_inline_auto\" id=\"style-css-av-av_one_full-6126cab7d8fab8d08143dd2dacdf673c\">\n.flex_column.av-av_one_full-6126cab7d8fab8d08143dd2dacdf673c{\n-webkit-border-radius:0px 0px 0px 0px;\n-moz-border-radius:0px 0px 0px 0px;\nborder-radius:0px 0px 0px 0px;\npadding:0px 0px 0px 0px;\n}\n<\/style>\n<div class='flex_column av-av_one_full-6126cab7d8fab8d08143dd2dacdf673c av_one_full  avia-builder-el-1  el_after_av_layerslider  el_before_av_one_full  avia-builder-el-first  first flex_column_div av-zero-column-padding '     ><section  class='av_textblock_section av-av_textblock-0366cc7376be6c9e82a3e9cc8987b64f'  itemscope=\"itemscope\" itemtype=\"https:\/\/schema.org\/CreativeWork\" ><div class='avia_textblock'  itemprop=\"text\" ><p><strong>La Diva de M\u00e9xico, El\u00a0Show<\/strong>, es un programa vespertino de formato regional mexicano que se transmite en vivo de Lunes a Viernes de 2:00pm a 7:00pm y los S\u00e1bados de 2:00pm a 6:00pm.\u00a0<strong>La Diva de M\u00e9xico<\/strong>\u00a0es un personaje de radio que desde hace ya m\u00e1s de 15 a\u00f1os, y con gran \u00e9xito, realiza un programa diferente, de debate, de opinion, pero con toque de humor. Dentro del programa el radioescucha puede desahogar sus problemas, ya que La Diva con su magistral conducci\u00f3n y dominio de temas diversos, inspira en el radioescuha esa confianza necesaria para poder expresarse.<\/p>\n<p>Actualmente su programa se transmite a todo lo largo y ancho de la\u00a0<strong>Republica Mexicana<\/strong>\u00a0y ahora llega a los\u00a0<strong>Estados Unidos<\/strong>\u00a0para dejarles un pedacito de M\u00e9xico a todos nuestros paisanos con su cartacteristico ingenio y humor. El programa de La Diva de M\u00e9xico es una cr\u00edtica al conformismo y a la realidad que se vive pero desde una perspectiva humor\u00edstica y tiene como objetivo el hacer re\u00edr al p\u00fablico de sus problemas y apoyarlos en su lucha para superarlos.<\/p>\n<p>Durante su programa La Diva abordara temas diferentes y pol\u00e9micos muy a su estilo, as\u00ed como tambi\u00e9n situaciones de la vida diaria, siempre con un toque de humor \u00a0que te har\u00e1 re\u00edr y pasar un buen rato.\u00a0El show se caracterizara por interactuar. con sus radioescuchas, a los cuales impactara con su timbre de voz y fuerte personalidad.<\/p>\n<p>Durante el Show, La Diva tiene como invitados a Peperiko y Do\u00f1a Tere, en los espectaculos y complacencias, y al aclamado Astrologo Jean Paul. Quien en su segmento da esperanza y alegria a los radioescuchas que buscan una respuesta a sus necesidades.<\/p>\n<\/div><\/section><\/div>\n\n<style type=\"text\/css\" data-created_by=\"avia_inline_auto\" id=\"style-css-av-av_one_full-6126cab7d8fab8d08143dd2dacdf673c\">\n.flex_column.av-av_one_full-6126cab7d8fab8d08143dd2dacdf673c{\n-webkit-border-radius:0px 0px 0px 0px;\n-moz-border-radius:0px 0px 0px 0px;\nborder-radius:0px 0px 0px 0px;\npadding:0px 0px 0px 0px;\n}\n<\/style>\n<div class='flex_column av-av_one_full-6126cab7d8fab8d08143dd2dacdf673c av_one_full  avia-builder-el-3  el_after_av_one_full  avia-builder-el-last  first flex_column_div av-zero-column-padding column-top-margin'     ><p>\n<style type=\"text\/css\" data-created_by=\"avia_inline_auto\" id=\"style-css-av-av_heading-53a3a3e65ded71f79b46ad78e53e2e58\">\n#top .av-special-heading.av-av_heading-53a3a3e65ded71f79b46ad78e53e2e58{\npadding-bottom:10px;\n}\nbody .av-special-heading.av-av_heading-53a3a3e65ded71f79b46ad78e53e2e58 .av-special-heading-tag .heading-char{\nfont-size:25px;\n}\n.av-special-heading.av-av_heading-53a3a3e65ded71f79b46ad78e53e2e58 .av-subheading{\nfont-size:15px;\n}\n<\/style>\n<div  class='av-special-heading av-av_heading-53a3a3e65ded71f79b46ad78e53e2e58 av-special-heading-h3 blockquote modern-quote modern-centered  avia-builder-el-4  el_before_av_textblock  avia-builder-el-first '><h3 class='av-special-heading-tag'  itemprop=\"headline\"  >Lista de Afiliadas<\/h3><div class=\"special-heading-border\"><div class=\"special-heading-inner-border\"><\/div><\/div><\/div><br \/>\n<section  class='av_textblock_section av-av_textblock-0366cc7376be6c9e82a3e9cc8987b64f'  itemscope=\"itemscope\" itemtype=\"https:\/\/schema.org\/CreativeWork\" ><div class='avia_textblock'  itemprop=\"text\" ><table width=\"575\">\n<tbody>\n<tr>\n<td width=\"56\"><strong><u>Siglas<\/u><\/strong><\/td>\n<td width=\"78\"><strong><u>Frecuencia<\/u><\/strong><\/td>\n<td width=\"50\"><strong><u>Banda<\/u><\/strong><\/td>\n<td width=\"186\"><strong><u>Mercado<\/u><\/strong><\/td>\n<td width=\"76\"><strong><u>Estado<\/u><\/strong><\/td>\n<td width=\"129\"><strong><u>Cadena<\/u><\/strong><\/td>\n<\/tr>\n<tr>\n<td width=\"56\">KHJY<\/td>\n<td width=\"78\">101.5<\/td>\n<td width=\"50\">FM<\/td>\n<td width=\"186\">AUTLAN<\/td>\n<td width=\"76\">JAL<\/td>\n<td width=\"129\">LA MEJOR<\/td>\n<\/tr>\n<tr>\n<td width=\"56\">XHBCC<\/td>\n<td width=\"78\">100.5<\/td>\n<td width=\"50\">FM<\/td>\n<td width=\"186\">CIUDAD DEL CARMEN<\/td>\n<td width=\"76\">CAM<\/td>\n<td width=\"129\">LA MEJOR<\/td>\n<\/tr>\n<tr>\n<td width=\"56\">XHDGO<\/td>\n<td width=\"78\">103.7<\/td>\n<td width=\"50\">FM<\/td>\n<td width=\"186\">DURANGO<\/td>\n<td width=\"76\">DUR<\/td>\n<td width=\"129\">LA MEJOR<\/td>\n<\/tr>\n<tr>\n<td width=\"56\">XHOU<\/td>\n<td width=\"78\">105.3<\/td>\n<td width=\"50\">FM<\/td>\n<td width=\"186\">HUAJUAPAN<\/td>\n<td width=\"76\">OAX<\/td>\n<td width=\"129\">LA MEJOR<\/td>\n<\/tr>\n<tr>\n<td width=\"56\">XHQW<\/td>\n<td width=\"78\">90.1<\/td>\n<td width=\"50\">FM<\/td>\n<td width=\"186\">MERIDA<\/td>\n<td width=\"76\">YUC<\/td>\n<td width=\"129\">LA MEJOR<\/td>\n<\/tr>\n<tr>\n<td width=\"56\">XHEMF<\/td>\n<td width=\"78\">96.3<\/td>\n<td width=\"50\">FM<\/td>\n<td width=\"186\">MONCLOVA<\/td>\n<td width=\"76\">COA<\/td>\n<td width=\"129\">LA MEJOR<\/td>\n<\/tr>\n<tr>\n<td width=\"56\">XHSRO<\/td>\n<td width=\"78\">92.5<\/td>\n<td width=\"50\">FM<\/td>\n<td width=\"186\">MONTERREY<\/td>\n<td width=\"76\">NL<\/td>\n<td width=\"129\">LA MEJOR<\/td>\n<\/tr>\n<tr>\n<td width=\"56\">XHNGS<\/td>\n<td width=\"78\">96.7<\/td>\n<td width=\"50\">FM<\/td>\n<td width=\"186\">NOGALES<\/td>\n<td width=\"76\">SON<\/td>\n<td width=\"129\">LA MEJOR<\/td>\n<\/tr>\n<tr>\n<td width=\"56\">XHZB<\/td>\n<td width=\"78\">101.7<\/td>\n<td width=\"50\">FM<\/td>\n<td width=\"186\">OAXACA<\/td>\n<td width=\"76\">OAX<\/td>\n<td width=\"129\">LA MEJOR<\/td>\n<\/tr>\n<tr>\n<td width=\"56\">XEZT<\/td>\n<td width=\"78\">1250<\/td>\n<td width=\"50\">AM<\/td>\n<td width=\"186\">PUEBLA<\/td>\n<td width=\"76\">PUE<\/td>\n<td width=\"129\">LA MEJOR<\/td>\n<\/tr>\n<tr>\n<td width=\"56\">XHEDO<\/td>\n<td width=\"78\">94.1<\/td>\n<td width=\"50\">FM<\/td>\n<td width=\"186\">PUERTO EXCONDIDO<\/td>\n<td width=\"76\">OAX<\/td>\n<td width=\"129\">LA MEJOR<\/td>\n<\/tr>\n<tr>\n<td width=\"56\">XHJT<\/td>\n<td width=\"78\">100.1<\/td>\n<td width=\"50\">FM<\/td>\n<td width=\"186\">TAMPICO<\/td>\n<td width=\"76\">TAM<\/td>\n<td width=\"129\">LA MEJOR<\/td>\n<\/tr>\n<tr>\n<td width=\"56\">XHVV<\/td>\n<td width=\"78\">101.7<\/td>\n<td width=\"50\">FM<\/td>\n<td width=\"186\">TUXTLA GUTIERREZ<\/td>\n<td width=\"76\">CHI<\/td>\n<td width=\"129\">LA MEJOR<\/td>\n<\/tr>\n<tr>\n<td width=\"56\">XHHTY<\/td>\n<td width=\"78\">107.1<\/td>\n<td width=\"50\">FM<\/td>\n<td width=\"186\">TLAPACOYAN<\/td>\n<td width=\"76\">VER<\/td>\n<td width=\"129\">LA MEJOR<\/td>\n<\/tr>\n<tr>\n<td width=\"56\">XHXP<\/td>\n<td width=\"78\">106.5<\/td>\n<td width=\"50\">FM<\/td>\n<td width=\"186\">TUXTEPEC<\/td>\n<td width=\"76\">OAX<\/td>\n<td width=\"129\">LA MEJOR<\/td>\n<\/tr>\n<tr>\n<td width=\"56\">XHZO<\/td>\n<td width=\"78\">98.5<\/td>\n<td width=\"50\">FM<\/td>\n<td width=\"186\">ZIHUATANEJO<\/td>\n<td width=\"76\">GUE<\/td>\n<td width=\"129\">LA MEJOR<\/td>\n<\/tr>\n<tr>\n<td width=\"56\">XHVE<\/td>\n<td width=\"78\">100.5<\/td>\n<td width=\"50\">FM<\/td>\n<td width=\"186\">VERACRUZ<\/td>\n<td width=\"76\">VER<\/td>\n<td width=\"129\">LA MEJOR<\/td>\n<\/tr>\n<tr>\n<td width=\"56\">XHLI<\/td>\n<td width=\"78\">98.3<\/td>\n<td width=\"50\">FM<\/td>\n<td width=\"186\">VILLAHERMOSA<\/td>\n<td width=\"76\">TAB<\/td>\n<td width=\"129\">LA MEJOR<\/td>\n<\/tr>\n<tr>\n<td width=\"56\">XHGY<\/td>\n<td width=\"78\">100.7<\/td>\n<td width=\"50\">FM<\/td>\n<td width=\"186\">TEHUACAN<\/td>\n<td width=\"76\">PUE<\/td>\n<td width=\"129\">LA MEJOR<\/td>\n<\/tr>\n<tr>\n<td width=\"56\">KSVN<\/td>\n<td width=\"78\">730<\/td>\n<td width=\"50\">AM<\/td>\n<td width=\"186\">SALT LAKE CITY<\/td>\n<td width=\"76\">UT<\/td>\n<td width=\"129\">KEPADRE<\/td>\n<\/tr>\n<tr>\n<td width=\"56\">KAPR<\/td>\n<td width=\"78\">930<\/td>\n<td width=\"50\">AM<\/td>\n<td width=\"186\">DOUGLAS \/ AGUAPRIETA<\/td>\n<td width=\"76\">AZ \/ SON<\/td>\n<td width=\"129\">KEPADRE<\/td>\n<\/tr>\n<tr>\n<td width=\"56\">WHWN<\/td>\n<td width=\"78\">88.3<\/td>\n<td width=\"50\">FM<\/td>\n<td width=\"186\">PAINESVILLE<\/td>\n<td width=\"76\">OH<\/td>\n<td width=\"129\">LA NUEVA MIA<\/td>\n<\/tr>\n<tr>\n<td width=\"56\">KXEQ<\/td>\n<td width=\"78\">1340<\/td>\n<td width=\"50\">AM<\/td>\n<td width=\"186\">RENO<\/td>\n<td width=\"76\">NV<\/td>\n<td width=\"129\">LA SUPER Q<\/td>\n<\/tr>\n<tr>\n<td width=\"56\">WZZS<\/td>\n<td width=\"78\">106.9<\/td>\n<td width=\"50\">FM<\/td>\n<td width=\"186\">WACHULA<\/td>\n<td width=\"76\">FL<\/td>\n<td width=\"129\">LA NUMERO UNO<\/td>\n<\/tr>\n<tr>\n<td width=\"56\">KRXR<\/td>\n<td width=\"78\">1480<\/td>\n<td width=\"50\">AM<\/td>\n<td width=\"186\">TWIN FALLS \/ JEROME<\/td>\n<td width=\"76\">ID<\/td>\n<td width=\"129\">FIESTA MEXICANA<\/td>\n<\/tr>\n<tr>\n<td width=\"56\">KHIT<\/td>\n<td width=\"78\">107.1<\/td>\n<td width=\"50\">FM<\/td>\n<td width=\"186\">FRESNO<\/td>\n<td width=\"76\">CA<\/td>\n<td width=\"129\">EXITOS<\/td>\n<\/tr>\n<tr>\n<td width=\"56\">WDMG<\/td>\n<td width=\"78\">1480<\/td>\n<td width=\"50\">AM<\/td>\n<td width=\"186\">DETROIT<\/td>\n<td width=\"76\">MI<\/td>\n<td width=\"129\">LA EXPLOSIVA<\/td>\n<\/tr>\n<tr>\n<td width=\"56\">KRRS-AM<\/p>\n<p>KRRS-FM<\/td>\n<td width=\"78\">1460<\/p>\n<p>107.5<\/td>\n<td width=\"50\">AM<\/p>\n<p>FM<\/td>\n<td width=\"186\">SANTA ROSA<\/p>\n<p>COTATI\/PETALUMA<\/td>\n<td width=\"76\">CA<\/td>\n<td width=\"129\">EL PATRON<\/td>\n<\/tr>\n<tr>\n<td width=\"56\">KLAV<\/td>\n<td width=\"78\">98.9<\/td>\n<td width=\"50\">FM<\/td>\n<td width=\"186\">LAS VEGAS<\/td>\n<td width=\"76\">NV<\/td>\n<td width=\"129\">LA CALIENTE<\/td>\n<\/tr>\n<tr>\n<td width=\"56\">WCND<\/td>\n<td width=\"78\">940<\/td>\n<td width=\"50\">AM<\/td>\n<td width=\"186\">LOUISVILLE<\/td>\n<td width=\"76\">KY<\/td>\n<td width=\"129\">LA EXPLOSIVA<\/td>\n<\/tr>\n<tr>\n<td width=\"56\">WKJR<\/td>\n<td width=\"78\">1460<\/td>\n<td width=\"50\">AM<\/td>\n<td width=\"186\">RANTOUL<\/td>\n<td width=\"76\">IL<\/td>\n<td width=\"129\">RADIO VARIEDADES<\/td>\n<\/tr>\n<tr>\n<td width=\"56\">KVUW<\/p>\n<p>KVUW<\/td>\n<td width=\"78\">102.3<\/p>\n<p>107.3<\/td>\n<td width=\"50\">FM<\/p>\n<p>FM<\/td>\n<td width=\"186\">WEST WENDOVER<\/p>\n<p>ALTA, ELKO<\/td>\n<td width=\"76\">NV<\/td>\n<td width=\"129\">LA LEY<\/td>\n<\/tr>\n<tr>\n<td width=\"56\">KFUR<\/td>\n<td width=\"78\">101.1<\/td>\n<td width=\"50\">FM<\/td>\n<td width=\"186\">SAINT GEORGE<\/td>\n<td width=\"76\">UT<\/td>\n<td width=\"129\">ESTEREOUNICA<\/td>\n<\/tr>\n<tr>\n<td width=\"56\">KDLF<\/td>\n<td width=\"78\">1260<\/td>\n<td width=\"50\">AM<\/td>\n<td width=\"186\">DES MOINES\/BOONE<\/td>\n<td width=\"76\">IA<\/td>\n<td width=\"129\">LA REINA 1260<\/td>\n<\/tr>\n<tr>\n<td width=\"56\">KMHR<\/p>\n<p>K252FA<\/td>\n<td width=\"78\">950<\/p>\n<p>98.3<\/td>\n<td width=\"50\">AM<\/p>\n<p>FM<\/td>\n<td width=\"186\">BOISE<\/td>\n<td width=\"76\">ID<\/td>\n<td width=\"129\">LA LEY<\/td>\n<\/tr>\n<tr>\n<td width=\"56\">KSVN<\/p>\n<p>KSVN<\/td>\n<td width=\"78\">730<\/p>\n<p>99.3<\/td>\n<td width=\"50\">AM<\/p>\n<p>FM<\/td>\n<td width=\"186\">SALT LAKE CITY<\/td>\n<td width=\"76\">UT<\/td>\n<td width=\"129\">KEPADRE<\/td>\n<\/tr>\n<tr>\n<td width=\"56\">KEPD<\/td>\n<td width=\"78\">104.9<\/td>\n<td width=\"50\">FM<\/td>\n<td width=\"186\">LANCASTER \/ QUARTZ HILL<\/td>\n<td width=\"76\">CA<\/td>\n<td width=\"129\">KEPADRE (Sat only)<\/td>\n<\/tr>\n<\/tbody>\n<\/table>\n<\/div><\/section><\/p><\/div>\n","protected":false},"excerpt":{"rendered":"","protected":false},"author":1,"featured_media":0,"parent":0,"menu_order":0,"comment_status":"closed","ping_status":"closed","template":"","meta":{"footnotes":""},"class_list":["post-71","page","type-page","status-publish","hentry"],"_links":{"self":[{"href":"https:\/\/www.kepadreradio.com\/contenido\/wp-json\/wp\/v2\/pages\/71"}],"collection":[{"href":"https:\/\/www.kepadreradio.com\/contenido\/wp-json\/wp\/v2\/pages"}],"about":[{"href":"https:\/\/www.kepadreradio.com\/contenido\/wp-json\/wp\/v2\/types\/page"}],"author":[{"embeddable":true,"href":"https:\/\/www.kepadreradio.com\/contenido\/wp-json\/wp\/v2\/users\/1"}],"replies":[{"embeddable":true,"href":"https:\/\/www.kepadreradio.com\/contenido\/wp-json\/wp\/v2\/comments?post=71"}],"version-history":[{"count":4,"href":"https:\/\/www.kepadreradio.com\/contenido\/wp-json\/wp\/v2\/pages\/71\/revisions"}],"predecessor-version":[{"id":153,"href":"https:\/\/www.kepadreradio.com\/contenido\/wp-json\/wp\/v2\/pages\/71\/revisions\/153"}],"wp:attachment":[{"href":"https:\/\/www.kepadreradio.com\/contenido\/wp-json\/wp\/v2\/media?parent=71"}],"curies":[{"name":"wp","href":"https:\/\/api.w.org\/{rel}","templated":true}]}}