{"id":78,"date":"2018-06-27T22:03:22","date_gmt":"2018-06-27T22:03:22","guid":{"rendered":"http:\/\/www.kepadreradio.com\/contenido\/?page_id=78"},"modified":"2018-07-03T18:11:28","modified_gmt":"2018-07-03T18:11:28","slug":"gil-ramarti","status":"publish","type":"page","link":"https:\/\/www.kepadreradio.com\/contenido\/gil-ramarti\/","title":{"rendered":"Gil Ramarti"},"content":{"rendered":"<div id='layer_slider_1'  class='avia-layerslider main_color avia-shadow  avia-builder-el-0  el_before_av_one_full  avia-builder-el-first  container_wrap sidebar_right'  style='height: 301px;'  ><\/div><div id='after_layer_slider_1'  class='main_color av_default_container_wrap container_wrap sidebar_right'  ><div class='container av-section-cont-open' ><div class='template-page content  av-content-small alpha units'><div class='post-entry post-entry-type-page post-entry-78'><div class='entry-content-wrapper clearfix'>\n\n<style type=\"text\/css\" data-created_by=\"avia_inline_auto\" id=\"style-css-av-av_one_full-6126cab7d8fab8d08143dd2dacdf673c\">\n.flex_column.av-av_one_full-6126cab7d8fab8d08143dd2dacdf673c{\n-webkit-border-radius:0px 0px 0px 0px;\n-moz-border-radius:0px 0px 0px 0px;\nborder-radius:0px 0px 0px 0px;\npadding:0px 0px 0px 0px;\n}\n<\/style>\n<div class='flex_column av-av_one_full-6126cab7d8fab8d08143dd2dacdf673c av_one_full  avia-builder-el-1  el_after_av_layerslider  avia-builder-el-no-sibling  first flex_column_div av-zero-column-padding '     ><p><section  class='av_textblock_section av-av_textblock-0366cc7376be6c9e82a3e9cc8987b64f'  itemscope=\"itemscope\" itemtype=\"https:\/\/schema.org\/CreativeWork\" ><div class='avia_textblock'  itemprop=\"text\" ><p>De 7:00 PM a 10:00 PM<\/p>\n<p>Gil Ramarti le da noticias del acontecer mundial, con las noticias al instante, notas ins\u00f3litas, locas y curiosas, deportes y espect\u00e1culos en la voz de Yesi Medina, sin faltar la mejor m\u00fasica del ayer y lo m\u00e1s nuevo de sus artistas favoritos. Un programa interactivo y din\u00e1mico.<\/p>\n<p>En \u201cLa Hora de los Adoloridos\u201d las l\u00e1grimas, los recuerdos, los suspiros, y el llanto incontenible, simbolizan lo que es la p\u00e9rdida de un gran amor que se ha marchado y dejado para siempre una herida que jam\u00e1s cicatrizar\u00e1. \u201cLa Hora de los Adoloridos\u201d, un recuento de recuerdos, tristezas llanto, y momentos de felicidad con poemas, reflexiones y la m\u00fasica que llega directo al coraz\u00f3n.<\/p>\n<\/div><\/section><br \/>\n\n<style type=\"text\/css\" data-created_by=\"avia_inline_auto\" id=\"style-css-av-av_heading-53a3a3e65ded71f79b46ad78e53e2e58\">\n#top .av-special-heading.av-av_heading-53a3a3e65ded71f79b46ad78e53e2e58{\npadding-bottom:10px;\n}\nbody .av-special-heading.av-av_heading-53a3a3e65ded71f79b46ad78e53e2e58 .av-special-heading-tag .heading-char{\nfont-size:25px;\n}\n.av-special-heading.av-av_heading-53a3a3e65ded71f79b46ad78e53e2e58 .av-subheading{\nfont-size:15px;\n}\n<\/style>\n<div  class='av-special-heading av-av_heading-53a3a3e65ded71f79b46ad78e53e2e58 av-special-heading-h3 blockquote modern-quote modern-centered  avia-builder-el-3  el_after_av_textblock  el_before_av_textblock '><h3 class='av-special-heading-tag'  itemprop=\"headline\"  >Lista de Afiliadas<\/h3><div class=\"special-heading-border\"><div class=\"special-heading-inner-border\"><\/div><\/div><\/div><br \/>\n<section  class='av_textblock_section av-av_textblock-0366cc7376be6c9e82a3e9cc8987b64f'  itemscope=\"itemscope\" itemtype=\"https:\/\/schema.org\/CreativeWork\" ><div class='avia_textblock'  itemprop=\"text\" ><table width=\"500\">\n<tbody>\n<tr>\n<td width=\"97\"><strong>MARKET<\/strong><\/td>\n<td width=\"46\"><strong>STATE<\/strong><\/td>\n<td width=\"82\"><strong>CALL LETTERS<\/strong><\/td>\n<td width=\"40\"><strong>DIAL<\/strong><\/td>\n<td width=\"97\"><strong>NAME<\/strong><\/td>\n<td width=\"138\"><strong>COMPANY<\/strong><\/td>\n<\/tr>\n<tr>\n<td width=\"97\">SALT LAKE CITY<\/td>\n<td width=\"46\">UT<\/td>\n<td width=\"82\">KSVN-AM<\/p>\n<p>KSVN-FM<\/td>\n<td width=\"40\">730<\/p>\n<p>99.9<\/td>\n<td width=\"97\">KEPADRE<\/td>\n<td width=\"138\">AZTECA BROADCASTING<\/td>\n<\/tr>\n<tr>\n<td width=\"97\">TWIN FALLS<\/td>\n<td width=\"46\">ID<\/td>\n<td width=\"82\">KRXR-AM<\/td>\n<td width=\"40\">1480<\/td>\n<td width=\"97\">KEPADRE<\/td>\n<td width=\"138\">RADIO FIESTA<\/td>\n<\/tr>\n<tr>\n<td width=\"97\">DOUGLAS<\/p>\n<p>AGUAPRIETA<\/td>\n<td width=\"46\">AZ<\/p>\n<p>SON<\/td>\n<td width=\"82\">KAPR-AM<\/td>\n<td width=\"40\">930<\/td>\n<td width=\"97\">KEPADRE<\/td>\n<td width=\"138\">SONORA BROADCASTING<\/td>\n<\/tr>\n<tr>\n<td width=\"97\">ARCADIA<\/td>\n<td width=\"46\">FL<\/td>\n<td width=\"82\">WZSP-FM<\/td>\n<td width=\"40\">105.3<\/td>\n<td width=\"97\">LA ZETA<\/td>\n<td width=\"138\">TOMAS MARTINEZ<\/td>\n<\/tr>\n<tr>\n<td width=\"97\">ASPEN<\/td>\n<td width=\"46\">CO<\/td>\n<td width=\"82\">KQSE-FM<\/td>\n<td width=\"40\">102.5<\/td>\n<td width=\"97\">LA NUEVA MIX<\/td>\n<td rowspan=\"4\" width=\"138\">ALWAYS MOUNTAIN TIME<\/td>\n<\/tr>\n<tr>\n<td width=\"97\">SUMMIT<\/td>\n<td width=\"46\">CO<\/td>\n<td width=\"82\">KQSE-FM<\/td>\n<td width=\"40\">99.1<\/td>\n<td width=\"97\">LA NUEVA MIX<\/td>\n<\/tr>\n<tr>\n<td width=\"97\">NEW CASTLE<\/td>\n<td width=\"46\">CO<\/td>\n<td width=\"82\">KTUN-FM<\/td>\n<td width=\"40\">94.5<\/td>\n<td width=\"97\">LA NUEVA MIX<\/td>\n<\/tr>\n<tr>\n<td width=\"97\">GYPSUM<\/td>\n<td width=\"46\">CO<\/td>\n<td width=\"82\">KTUN-FM<\/td>\n<td width=\"40\">107.1<\/td>\n<td width=\"97\">LA NUEVA MIX<\/td>\n<\/tr>\n<tr>\n<td width=\"97\">PAINESVILLE<\/td>\n<td width=\"46\">OH<\/td>\n<td width=\"82\">WHWN-FM<\/td>\n<td width=\"40\">88.3<\/td>\n<td width=\"97\">LA NUMERO UNO<\/td>\n<td width=\"138\"><\/td>\n<\/tr>\n<tr>\n<td width=\"97\">RENO<\/td>\n<td width=\"46\">NV<\/td>\n<td width=\"82\">KXEQ-AM<\/td>\n<td width=\"40\">1340<\/td>\n<td width=\"97\">LA SUPER Q<\/td>\n<td width=\"138\">AZTECA BROADCASTING<\/td>\n<\/tr>\n<tr>\n<td width=\"97\">WENDOVER<\/p>\n<p>ALTA<\/p>\n<p>ELKO<\/td>\n<td width=\"46\">NV<\/td>\n<td width=\"82\">KVUW-FM<\/td>\n<td width=\"40\">102.3<\/td>\n<td width=\"97\">SAM 102<\/td>\n<td width=\"138\">ALEXANDRA ORTEGA<\/td>\n<\/tr>\n<tr>\n<td width=\"97\">LANCASTER<\/p>\n<p>QUARTZ HILL<\/td>\n<td width=\"46\">CA<\/td>\n<td width=\"82\">KEPD-FM<\/td>\n<td width=\"40\">104.9<\/td>\n<td width=\"97\">KEPADRE<\/td>\n<td width=\"138\">ADELMAN BROADCASTING<\/td>\n<\/tr>\n<\/tbody>\n<\/table>\n<\/div><\/section><\/p><\/div>\n","protected":false},"excerpt":{"rendered":"","protected":false},"author":1,"featured_media":0,"parent":0,"menu_order":0,"comment_status":"closed","ping_status":"closed","template":"","meta":{"footnotes":""},"class_list":["post-78","page","type-page","status-publish","hentry"],"_links":{"self":[{"href":"https:\/\/www.kepadreradio.com\/contenido\/wp-json\/wp\/v2\/pages\/78"}],"collection":[{"href":"https:\/\/www.kepadreradio.com\/contenido\/wp-json\/wp\/v2\/pages"}],"about":[{"href":"https:\/\/www.kepadreradio.com\/contenido\/wp-json\/wp\/v2\/types\/page"}],"author":[{"embeddable":true,"href":"https:\/\/www.kepadreradio.com\/contenido\/wp-json\/wp\/v2\/users\/1"}],"replies":[{"embeddable":true,"href":"https:\/\/www.kepadreradio.com\/contenido\/wp-json\/wp\/v2\/comments?post=78"}],"version-history":[{"count":4,"href":"https:\/\/www.kepadreradio.com\/contenido\/wp-json\/wp\/v2\/pages\/78\/revisions"}],"predecessor-version":[{"id":154,"href":"https:\/\/www.kepadreradio.com\/contenido\/wp-json\/wp\/v2\/pages\/78\/revisions\/154"}],"wp:attachment":[{"href":"https:\/\/www.kepadreradio.com\/contenido\/wp-json\/wp\/v2\/media?parent=78"}],"curies":[{"name":"wp","href":"https:\/\/api.w.org\/{rel}","templated":true}]}}